{"id":165193,"date":"2023-05-03T12:47:50","date_gmt":"2023-05-03T09:47:50","guid":{"rendered":"https:\/\/studyinturkiye.com\/contact\/"},"modified":"2024-11-04T20:16:40","modified_gmt":"2024-11-04T17:16:40","slug":"contact","status":"publish","type":"page","link":"https:\/\/studyinturkiye.com\/ar\/contact\/","title":{"rendered":"\u0627\u062a\u0635\u0644 \u0628\u0646\u0627"},"content":{"rendered":"<p>\u062a\u0648\u0627\u0635\u0644 \u0645\u0639\u0646\u0627\t\t<\/p>\n<p>\u0646\u062d\u0646 \u0633\u0639\u062f\u0627\u0621 \u062f\u0627\u0626\u0645\u0627 \u0628\u0633\u0645\u0627\u0639 \u0627\u0631\u0627\u0626\u0643\u0645 \u0648\u0627\u0642\u062a\u0631\u0627\u062d\u0627\u062a\u0643\u0645 \u0643\u0645\u0627 \u064a\u0633\u0639\u062f\u0646\u0627 \u0627\u0646 \u0646\u0633\u062a\u0642\u0628\u0644 \u0627\u062a\u0635\u0627\u0644\u0627\u062a\u0643\u0645 \u0648\u0627\u0644\u062a\u062d\u062f\u062b \u0645\u0639\u0643\u0645 , \u064a\u0645\u0643\u0646\u0643 \u0627\u0644\u062a\u0648\u0627\u0635\u0644 \u0645\u0639 \u0641\u0631\u064a\u0642\u0646\u0627 \u0639\u0646 \u0637\u0631\u064a\u0642 \u0627\u0644\u0645\u062d\u0627\u062f\u062b\u0647 \u0627\u0644\u0645\u0628\u0627\u0634\u0631\u0647 \u0627\u0648 \u064a\u0645\u0643\u0646\u0643 \u0627\u0644\u0627\u062a\u0635\u0627\u0644 \u0628\u0646\u0627 \u0647\u0627\u062a\u0641\u064a\u0627 \u0627\u0648 \u0645\u0644\u0626 \u0627\u0644\u0646\u0645\u0648\u0630\u062c \u0641\u064a \u0627\u0644\u0627\u0633\u0641\u0644 \u0648\u0633\u0646\u0631\u062f \u0639\u0644\u064a\u0643 \u0641\u064a \u0627\u0633\u0631\u0639 \u0648\u0642\u062a , \u0643\u0645\u0627 \u064a\u0645\u0643\u0646\u0643\u0645 \u0632\u064a\u0627\u0631\u0647 \u0645\u0643\u062a\u0628\u0646\u0627 \u0639\u0644\u064a \u0645\u062f\u0627\u0631 \u0627\u064a\u0627\u0645 \u0627\u0644\u0627\u0633\u0628\u0648\u0639 \u0645\u0646 \u0627\u0644\u0627\u062b\u0646\u064a\u0646 \u0648\u062d\u062a\u064a \u0627\u0644\u062c\u0645\u0639\u0629<\/p>\n<p>\t\t\t<svg aria-hidden=\"true\" viewBox=\"0 0 512 512\" xmlns=\"http:\/\/www.w3.org\/2000\/svg\"><path d=\"M256 8C119.043 8 8 119.083 8 256c0 136.997 111.043 248 248 248s248-111.003 248-248C504 119.083 392.957 8 256 8zm0 110c23.196 0 42 18.804 42 42s-18.804 42-42 42-42-18.804-42-42 18.804-42 42-42zm56 254c0 6.627-5.373 12-12 12h-88c-6.627 0-12-5.373-12-12v-24c0-6.627 5.373-12 12-12h12v-64h-12c-6.627 0-12-5.373-12-12v-24c0-6.627 5.373-12 12-12h64c6.627 0 12 5.373 12 12v100h12c6.627 0 12 5.373 12 12v24z\"><\/path><\/svg><\/p>\n<h3> \u0645\u0631\u0643\u0632 \u0627\u0644\u0645\u0639\u0644\u0648\u0645\u0627\u062a <\/h3>\n<p>\u0641\u0631\u064a\u0642 \u0627\u0644\u062f\u0631\u0627\u0633\u0629 \u0641\u064a \u062a\u0631\u0643\u064a\u0627 \u064a\u0639\u0645\u0644 \u0639\u0644\u064a \u0645\u062f\u0627\u0631 \u0627\u0644\u0633\u0627\u0639\u0647 \u062d\u062a\u064a \u064a\u0642\u0648\u0645 \u0628\u062a\u062d\u062f\u064a\u062b \u0645\u0631\u0643\u0632 \u0627\u0644\u0645\u0639\u0644\u0648\u0645\u0627\u062a \u0627\u0644\u062e\u0627\u0635 \u0628\u0646\u0627 \u0648\u0627\u0644\u0630\u064a \u064a\u0633\u0627\u0639\u062f\u0643 \u0639\u0644\u064a \u0627\u0644\u062d\u0635\u0648\u0644 \u0639\u0644\u064a \u0627\u062c\u0627\u0628\u062a\u0643 \u0628\u0646\u0641\u0633\u0643<\/p>\n<p> <a href=\"#\" role=\"button\">\u0645\u0631\u0643\u0632 \u0627\u0644\u0645\u0639\u0644\u0648\u0645\u0627\u062a<\/a><br \/>\n\t\t\t<svg aria-hidden=\"true\" viewBox=\"0 0 576 512\" xmlns=\"http:\/\/www.w3.org\/2000\/svg\"><path d=\"M284.046,224.8a34.114,34.114,0,1,0,34.317,34.113A34.217,34.217,0,0,0,284.046,224.8Zm-110.45,0a34.114,34.114,0,1,0,34.317,34.113A34.217,34.217,0,0,0,173.6,224.8Zm220.923,0a34.114,34.114,0,1,0,34.317,34.113A34.215,34.215,0,0,0,394.519,224.8Zm153.807-55.319c-15.535-24.172-37.31-45.57-64.681-63.618-52.886-34.817-122.374-54-195.666-54a405.975,405.975,0,0,0-72.032,6.357,238.524,238.524,0,0,0-49.51-36.588C99.684-11.7,40.859.711,11.135,11.421A14.291,14.291,0,0,0,5.58,34.782C26.542,56.458,61.222,99.3,52.7,138.252c-33.142,33.9-51.112,74.776-51.112,117.337,0,43.372,17.97,84.248,51.112,118.148,8.526,38.956-26.154,81.816-47.116,103.491a14.284,14.284,0,0,0,5.555,23.34c29.724,10.709,88.549,23.147,155.324-10.2a238.679,238.679,0,0,0,49.51-36.589A405.972,405.972,0,0,0,288,460.14c73.313,0,142.8-19.159,195.667-53.975,27.371-18.049,49.145-39.426,64.679-63.619,17.309-26.923,26.07-55.916,26.07-86.125C574.394,225.4,565.634,196.43,548.326,169.485ZM284.987,409.9a345.65,345.65,0,0,1-89.446-11.5l-20.129,19.393a184.366,184.366,0,0,1-37.138,27.585,145.767,145.767,0,0,1-52.522,14.87c.983-1.771,1.881-3.563,2.842-5.356q30.258-55.68,16.325-100.078c-32.992-25.962-52.778-59.2-52.778-95.4,0-83.1,104.254-150.469,232.846-150.469s232.867,67.373,232.867,150.469C517.854,342.525,413.6,409.9,284.987,409.9Z\"><\/path><\/svg><\/p>\n<h3> \u062f\u0631\u062f\u0634 \u0645\u0639\u0646\u0627 <\/h3>\n<p>\u0641\u0631\u064a\u0642\u0646\u0627 \u0645\u062a\u0627\u062d \u0639\u0644\u064a \u0645\u062f\u0627\u0631 \u0627\u0644\u064a\u0648\u0645 \u0645\u0646 \u0627\u062c\u0644 \u062e\u062f\u0645\u062a\u0643\u0645 \u0648\u0645\u0633\u0627\u0639\u062f\u062a\u0643\u0645 , \u064a\u0645\u0643\u0646\u0643 \u0627\u0644\u0627\u0633\u062a\u0641\u0633\u0627\u0631 \u0639\u0646 \u062d\u0627\u0644\u0647 \u0642\u0628\u0648\u0644\u0643 \u0627\u0648 \u0627\u064a \u0627\u0633\u062a\u0641\u0633\u0627\u0631 \u064a\u062e\u0635 \u0627\u0644\u062f\u0631\u0627\u0633\u0629 \u0641\u064a \u062a\u0631\u0643\u064a\u0627 \u0628\u0634\u0643\u0644 \u0639\u0627\u0645<\/p>\n<p> <a href=\"#\" role=\"button\">Chat Now<\/a><br \/>\n\t\t\t\u0627\u0631\u0633\u0644 \u0631\u0633\u0627\u0644\u0629 \u0627\u0644\u064a\u0646\u0627\t\t<\/p>\n<p>\u064a\u0645\u0643\u0646\u0643 \u0645\u0644\u0626 \u0627\u0644\u0646\u0645\u0648\u0630\u062c \u0627\u0644\u062a\u0627\u0644\u064a \u0644\u0644\u0627\u0633\u062a\u0641\u0633\u0627\u0631\u0627\u062a \u0627\u0648 \u0627\u0644\u0627\u0642\u062a\u0631\u0627\u062d\u0627\u062a \u0627\u0648 \u0627\u0644\u0634\u0643\u0627\u0648\u064a \u0648\u0633\u064a\u0643\u0648\u0646 \u0641\u0631\u064a\u0642\u0646\u0627 \u0633\u0639\u064a\u062f \u0628\u0627\u0644\u0627\u062c\u0627\u0628\u0647 \u0639\u0644\u064a\u0643 \u062e\u0644\u0627\u0644 \u0662\u0664 \u0633\u0627\u0639\u0647 \u0628\u062d\u062f \u0627\u0642\u0635\u064a\u00a0<\/p>\n<p><strong>Error:<\/strong> Contact form not found.<\/p>\n<figure  ><img fetchpriority=\"high\" decoding=\"async\" width=\"2560\" height=\"1707\" src=\"https:\/\/studyinturkiye.com\/wp-content\/uploads\/2024\/09\/img2-min-scaled-1.jpg\" alt=\"\" \/> <\/figure>\n<p>\t\t\t\u0648\u0633\u0627\u0626\u0644 \u0627\u062e\u0631\u064a \u0644\u0644\u062a\u0648\u0627\u0635\u0644 \u061f\t\t<\/p>\n<p>\u0628\u0627\u0644\u062a\u0623\u0643\u064a\u062f \u0646\u062d\u0646 \u0646\u0639\u0645\u0644 \u062f\u0627\u0626\u0645\u0627 \u0639\u0644\u064a \u062e\u062f\u0645\u062a\u0643\u0645 \u0648\u0627\u0646 \u062a\u0646\u0627\u0644 \u062e\u062f\u0645\u062a\u0646\u0627 \u0631\u0636\u0627\u0626\u0643\u0645 , \u064a\u0645\u0643\u0646\u0643 \u0627\u0644\u062a\u0648\u0627\u0635\u0644 \u0645\u0639\u0646\u0627 \u0639\u0628\u0631 \u0627\u0644\u0647\u0627\u062a\u0641 \u0627\u0648 \u0639\u0646 \u0637\u0631\u064a\u0642 \u0627\u0631\u0633\u0627\u0644 \u0628\u0631\u064a\u062f \u0627\u0644\u064a\u0643\u062a\u0631\u0648\u0646\u064a \u0627\u0644\u064a\u0646\u0627 \u0627\u0648 \u0632\u064a\u0627\u0631\u0647 \u0645\u0643\u062a\u0628\u0646\u0627\u00a0<\/p>\n<p>\t\t\t<svg xmlns=\"http:\/\/www.w3.org\/2000\/svg\" width=\"32\" height=\"32\" viewBox=\"0 0 32 32\" fill=\"none\"><path d=\"M5.33268 5.33398H26.666C28.1327 5.33398 29.3327 6.53398 29.3327 8.00065V24.0007C29.3327 25.4673 28.1327 26.6673 26.666 26.6673H5.33268C3.86602 26.6673 2.66602 25.4673 2.66602 24.0007V8.00065C2.66602 6.53398 3.86602 5.33398 5.33268 5.33398Z\" fill=\"#DFF0E8\" stroke=\"#279E64\" stroke-width=\"2\" stroke-linecap=\"round\" stroke-linejoin=\"round\"><\/path><path d=\"M29.3327 8L15.9993 17.3333L2.66602 8\" stroke=\"#279E64\" stroke-width=\"2\" stroke-linecap=\"round\" stroke-linejoin=\"round\"><\/path><\/svg><a href=\"mailto:cleangeniux@gmail.com\" > Mail to us <\/a> <\/p>\n<p>Support@studyinturkiye.com<\/p>\n<p>\t\t\t<svg xmlns=\"http:\/\/www.w3.org\/2000\/svg\" width=\"32\" height=\"32\" viewBox=\"0 0 32 32\" fill=\"none\"><path d=\"M29.3319 22.5595V26.5595C29.3335 26.9308 29.2574 27.2984 29.1086 27.6386C28.9599 27.9788 28.7417 28.2843 28.468 28.5353C28.1944 28.7863 27.8714 28.9775 27.5196 29.0964C27.1678 29.2154 26.7951 29.2596 26.4253 29.2261C22.3224 28.7803 18.3813 27.3783 14.9186 25.1328C11.697 23.0857 8.96572 20.3544 6.91861 17.1328C4.66525 13.6544 3.26293 9.69414 2.82528 5.57281C2.79196 5.2041 2.83578 4.83249 2.95394 4.48164C3.07211 4.1308 3.26204 3.8084 3.51163 3.53497C3.76122 3.26155 4.06502 3.04309 4.40366 2.89351C4.74231 2.74392 5.1084 2.66649 5.47861 2.66614H9.47861C10.1257 2.65978 10.753 2.88892 11.2436 3.31086C11.7343 3.73279 12.0547 4.31874 12.1453 4.95948C12.3141 6.23957 12.6272 7.49645 13.0786 8.70615C13.258 9.18338 13.2968 9.70203 13.1905 10.2007C13.0841 10.6993 12.8371 11.157 12.4786 11.5195L10.7853 13.2128C12.6833 16.5509 15.4472 19.3147 18.7853 21.2128L20.4786 19.5195C20.8411 19.161 21.2988 18.9139 21.7974 18.8076C22.2961 18.7013 22.8147 18.7401 23.2919 18.9195C24.5016 19.3709 25.7585 19.684 27.0386 19.8528C27.6863 19.9442 28.2778 20.2704 28.7007 20.7695C29.1235 21.2685 29.3482 21.9056 29.3319 22.5595Z\" fill=\"#DFF0E8\" stroke=\"#279E64\" stroke-width=\"2\" stroke-linecap=\"round\" stroke-linejoin=\"round\"><\/path><\/svg><a href=\"tel:(+123)%209898%205674\" > Call for help <\/a> <\/p>\n<p>+905492006060<\/p>\n<p>\t\t\t<svg xmlns=\"http:\/\/www.w3.org\/2000\/svg\" width=\"36\" height=\"36\" viewBox=\"0 0 36 36\" fill=\"none\"><path d=\"M31.5 15C31.5 25.5 18 34.5 18 34.5C18 34.5 4.5 25.5 4.5 15C4.5 11.4196 5.92232 7.9858 8.45406 5.45406C10.9858 2.92232 14.4196 1.5 18 1.5C21.5804 1.5 25.0142 2.92232 27.5459 5.45406C30.0777 7.9858 31.5 11.4196 31.5 15Z\" fill=\"#DFF0E8\" stroke=\"#279E64\" stroke-width=\"2\" stroke-linecap=\"round\" stroke-linejoin=\"round\"><\/path><path d=\"M18 19.5C20.4853 19.5 22.5 17.4853 22.5 15C22.5 12.5147 20.4853 10.5 18 10.5C15.5147 10.5 13.5 12.5147 13.5 15C13.5 17.4853 15.5147 19.5 18 19.5Z\" fill=\"#DFF0E8\" stroke=\"#279E64\" stroke-width=\"2\" stroke-linecap=\"round\" stroke-linejoin=\"round\"><\/path><\/svg> Mall of Istanbul  Ziya G\u00f6kalp Mah. S\u00fcleyman Demirel Bulvar\u0131 Mall Of \u0130stanbul Floor:14 Office:116, 34490 Ba\u015fak\u015fehir\/\u0130stanbul<\/p>\n","protected":false},"excerpt":{"rendered":"<p>\u062a\u0648\u0627\u0635\u0644 \u0645\u0639\u0646\u0627 \u0646\u062d\u0646 \u0633\u0639\u062f\u0627\u0621 \u062f\u0627\u0626\u0645\u0627 \u0628\u0633\u0645\u0627\u0639 \u0627\u0631\u0627\u0626\u0643\u0645 \u0648\u0627\u0642\u062a\u0631\u0627\u062d\u0627\u062a\u0643\u0645 \u0643\u0645\u0627 \u064a\u0633\u0639\u062f\u0646\u0627 \u0627\u0646 \u0646\u0633\u062a\u0642\u0628\u0644 \u0627\u062a\u0635\u0627\u0644\u0627\u062a\u0643\u0645 \u0648\u0627\u0644\u062a\u062d\u062f\u062b \u0645\u0639\u0643\u0645 , \u064a\u0645\u0643\u0646\u0643 \u0627\u0644\u062a\u0648\u0627\u0635\u0644 \u0645\u0639 \u0641\u0631\u064a\u0642\u0646\u0627 \u0639\u0646 \u0637\u0631\u064a\u0642 \u0627\u0644\u0645\u062d\u0627\u062f\u062b\u0647 \u0627\u0644\u0645\u0628\u0627\u0634\u0631\u0647 \u0627\u0648 \u064a\u0645\u0643\u0646\u0643 \u0627\u0644\u0627\u062a\u0635\u0627\u0644 \u0628\u0646\u0627 \u0647\u0627\u062a\u0641\u064a\u0627 \u0627\u0648 \u0645\u0644\u0626 \u0627\u0644\u0646\u0645\u0648\u0630\u062c \u0641\u064a \u0627\u0644\u0627\u0633\u0641\u0644 \u0648\u0633\u0646\u0631\u062f \u0639\u0644\u064a\u0643 \u0641\u064a \u0627\u0633\u0631\u0639 \u0648\u0642\u062a , \u0643\u0645\u0627 \u064a\u0645\u0643\u0646\u0643\u0645 \u0632\u064a\u0627\u0631\u0647 \u0645\u0643\u062a\u0628\u0646\u0627 \u0639\u0644\u064a \u0645\u062f\u0627\u0631 \u0627\u064a\u0627\u0645 \u0627\u0644\u0627\u0633\u0628\u0648\u0639 \u0645\u0646 \u0627\u0644\u0627\u062b\u0646\u064a\u0646 \u0648\u062d\u062a\u064a \u0627\u0644\u062c\u0645\u0639\u0629 \u0645\u0631\u0643\u0632 \u0627\u0644\u0645\u0639\u0644\u0648\u0645\u0627\u062a \u0641\u0631\u064a\u0642 [&hellip;]<\/p>\n","protected":false},"author":15,"featured_media":0,"parent":0,"menu_order":0,"comment_status":"open","ping_status":"closed","template":"","meta":{"_acf_changed":false,"footnotes":""},"page-type":[],"class_list":["post-165193","page","type-page","status-publish","hentry"],"acf":[],"_links":{"self":[{"href":"https:\/\/studyinturkiye.com\/ar\/wp-json\/wp\/v2\/pages\/165193","targetHints":{"allow":["GET"]}}],"collection":[{"href":"https:\/\/studyinturkiye.com\/ar\/wp-json\/wp\/v2\/pages"}],"about":[{"href":"https:\/\/studyinturkiye.com\/ar\/wp-json\/wp\/v2\/types\/page"}],"author":[{"embeddable":true,"href":"https:\/\/studyinturkiye.com\/ar\/wp-json\/wp\/v2\/users\/15"}],"replies":[{"embeddable":true,"href":"https:\/\/studyinturkiye.com\/ar\/wp-json\/wp\/v2\/comments?post=165193"}],"version-history":[{"count":0,"href":"https:\/\/studyinturkiye.com\/ar\/wp-json\/wp\/v2\/pages\/165193\/revisions"}],"wp:attachment":[{"href":"https:\/\/studyinturkiye.com\/ar\/wp-json\/wp\/v2\/media?parent=165193"}],"wp:term":[{"taxonomy":"page-type","embeddable":true,"href":"https:\/\/studyinturkiye.com\/ar\/wp-json\/wp\/v2\/page-type?post=165193"}],"curies":[{"name":"wp","href":"https:\/\/api.w.org\/{rel}","templated":true}]}}