{"id":169357,"date":"2024-11-13T22:31:54","date_gmt":"2024-11-13T19:31:54","guid":{"rendered":"https:\/\/studyinturkiye.com\/%d8%a7%d8%aa%d8%b5%d9%84-%d8%a8%d9%81%d8%b1%d9%8a%d9%82-%d8%a7%d9%84%d8%b9%d9%85%d9%84-%d8%a7%d8%ac%d9%84%d8%b3-%d9%81%d8%b1%d9%8a%d9%82\/"},"modified":"2026-01-22T08:07:40","modified_gmt":"2026-01-22T05:07:40","slug":"contact-sit-team","status":"publish","type":"page","link":"https:\/\/studyinturkiye.com\/ar\/contact-sit-team\/","title":{"rendered":"\u0627\u062a\u0635\u0644 \u0628\u0641\u0631\u064a\u0642 \u0627\u0644\u062f\u0631\u0627\u0633\u0629 \u0641\u064a \u062a\u0631\u0643\u064a\u0627"},"content":{"rendered":"\t\t<div data-elementor-type=\"wp-page\" data-elementor-id=\"169357\" class=\"elementor elementor-169357 elementor-167659\" data-elementor-post-type=\"page\">\n\t\t\t\t<div class=\"elementor-element elementor-element-7da58f45 e-flex e-con-boxed e-con e-parent\" data-id=\"7da58f45\" data-element_type=\"container\" data-e-type=\"container\" data-settings=\"{&quot;background_background&quot;:&quot;classic&quot;}\">\n\t\t\t\t\t<div class=\"e-con-inner\">\n\t\t\t\t<div class=\"elementor-element elementor-element-650d879a text--mobileleft text-center elementor-invisible elementor-widget elementor-widget-tp-advanced-typography\" data-id=\"650d879a\" data-element_type=\"widget\" data-e-type=\"widget\" data-settings=\"{&quot;_animation&quot;:&quot;slideInUp&quot;}\" data-widget_type=\"tp-advanced-typography.default\">\n\t\t\t\t<div class=\"elementor-widget-container\">\n\t\t\t\t\t<div id=\"at650d879a\" class=\"pt-plus-adv-typo-wrapper\"><div class=\"plus-list-adv-typo-block \"><span class=\" plus-adv-text-typo elementor-repeater-item-b0c2f26    \"   ><span   class=\" listing-typo-text  \"   style=\"\">\u062a\u0648\u0627\u0635\u0644 \u0645\u0639 \u0641\u0631\u064a\u0642\u0646\u0627<\/span><\/span><\/div><\/div>\t\t\t\t<\/div>\n\t\t\t\t<\/div>\n\t\t\t\t<div class=\"elementor-element elementor-element-4da29d52 elementor-invisible elementor-widget elementor-widget-tp-adv-text-block\" data-id=\"4da29d52\" data-element_type=\"widget\" data-e-type=\"widget\" data-settings=\"{&quot;_animation&quot;:&quot;slideInUp&quot;}\" data-widget_type=\"tp-adv-text-block.default\">\n\t\t\t\t<div class=\"elementor-widget-container\">\n\t\t\t\t\t<div class=\"pt-plus-text-block-wrapper\" data-tp-gsap-textblock=\"\" ><div class=\"text_block_parallax\"><div class=\"pt_plus_adv_text_block \" ><div class=\"text-content-block\"><p>\u064a\u0633\u0639\u062f\u0646\u0627 \u062f\u0627\u0626\u0645\u0627\u064b \u0633\u0645\u0627\u0639 \u0622\u0631\u0627\u0626\u0643\u0645 \u0648\u0645\u0642\u062a\u0631\u062d\u0627\u062a\u0643\u0645 \u0648\u064a\u0633\u0639\u062f\u0646\u0627 \u0627\u0633\u062a\u0642\u0628\u0627\u0644 \u0627\u062a\u0635\u0627\u0644\u0627\u062a\u0643\u0645 \u0648\u0627\u0644\u062a\u062d\u062f\u062b \u0625\u0644\u064a\u0643\u0645\u060c \u064a\u0645\u0643\u0646\u0643\u0645 \u0627\u0644\u062a\u0648\u0627\u0635\u0644 \u0645\u0639 \u0641\u0631\u064a\u0642\u0646\u0627 \u0639\u0628\u0631 \u0627\u0644\u062f\u0631\u062f\u0634\u0629 \u0627\u0644\u0645\u0628\u0627\u0634\u0631\u0629 \u0623\u0648 \u064a\u0645\u0643\u0646\u0643\u0645 \u0627\u0644\u0627\u062a\u0635\u0627\u0644 \u0628\u0646\u0627 \u0647\u0627\u062a\u0641\u064a\u0627\u064b \u0623\u0648 \u0645\u0644\u0621 \u0627\u0644\u0646\u0645\u0648\u0630\u062c \u0623\u062f\u0646\u0627\u0647 \u0648\u0633\u0646\u0642\u0648\u0645 \u0628\u0627\u0644\u0631\u062f \u0639\u0644\u064a\u0643\u0645 \u0641\u064a \u0623\u0642\u0631\u0628 \u0648\u0642\u062a \u0645\u0645\u0643\u0646\u060c \u0643\u0645\u0627 \u064a\u0645\u0643\u0646\u0643\u0645 \u0632\u064a\u0627\u0631\u0629 \u0645\u0643\u062a\u0628\u0646\u0627 \u0639\u0644\u0649 \u0645\u062f\u0627\u0631 \u0627\u0644\u0623\u0633\u0628\u0648\u0639 \u0645\u0646 \u0627\u0644\u0627\u062b\u0646\u064a\u0646 \u0625\u0644\u0649 \u0627\u0644\u062c\u0645\u0639\u0629<\/p><\/div><\/div><\/div><\/div>\t\t\t\t<\/div>\n\t\t\t\t<\/div>\n\t\t\t\t\t<\/div>\n\t\t\t\t<\/div>\n\t\t<div class=\"elementor-element elementor-element-5e18b494 e-flex e-con-boxed e-con e-parent\" data-id=\"5e18b494\" data-element_type=\"container\" data-e-type=\"container\">\n\t\t\t\t\t<div class=\"e-con-inner\">\n\t\t\t\t<div class=\"elementor-element elementor-element-574a0a44 text--mobileleft text-center elementor-invisible elementor-widget elementor-widget-tp-advanced-typography\" data-id=\"574a0a44\" data-element_type=\"widget\" data-e-type=\"widget\" data-settings=\"{&quot;_animation&quot;:&quot;slideInUp&quot;}\" data-widget_type=\"tp-advanced-typography.default\">\n\t\t\t\t<div class=\"elementor-widget-container\">\n\t\t\t\t\t<div id=\"at574a0a44\" class=\"pt-plus-adv-typo-wrapper\"><div class=\"plus-list-adv-typo-block \"><span class=\" plus-adv-text-typo elementor-repeater-item-d95d51a    \"   ><span   class=\" listing-typo-text  \"   style=\"\">\u0631\u0627\u0633\u0644\u0646\u0627<\/span><\/span><\/div><\/div>\t\t\t\t<\/div>\n\t\t\t\t<\/div>\n\t\t\t\t<div class=\"elementor-element elementor-element-6c09b25b elementor-invisible elementor-widget elementor-widget-tp-adv-text-block\" data-id=\"6c09b25b\" data-element_type=\"widget\" data-e-type=\"widget\" data-settings=\"{&quot;_animation&quot;:&quot;slideInUp&quot;}\" data-widget_type=\"tp-adv-text-block.default\">\n\t\t\t\t<div class=\"elementor-widget-container\">\n\t\t\t\t\t<div class=\"pt-plus-text-block-wrapper\" data-tp-gsap-textblock=\"\" ><div class=\"text_block_parallax\"><div class=\"pt_plus_adv_text_block \" ><div class=\"text-content-block\"><p>\u064a\u0645\u0643\u0646\u0643 \u0645\u0644\u0621 \u0627\u0644\u0646\u0645\u0648\u0630\u062c \u0627\u0644\u062a\u0627\u0644\u064a \u0644\u0644\u0627\u0633\u062a\u0641\u0633\u0627\u0631\u0627\u062a \u0623\u0648 \u0627\u0644\u0627\u0642\u062a\u0631\u0627\u062d\u0627\u062a \u0623\u0648 \u0627\u0644\u0634\u0643\u0627\u0648\u0649 \u0648\u0633\u064a\u0633\u0639\u062f \u0641\u0631\u064a\u0642\u0646\u0627 \u0628\u0627\u0644\u0631\u062f \u0639\u0644\u064a\u0643 \u062e\u0644\u0627\u0644 24 \u0633\u0627\u0639\u0629 \u0643\u062d\u062f \u0623\u0642\u0635\u0649<\/p><\/div><\/div><\/div><\/div>\t\t\t\t<\/div>\n\t\t\t\t<\/div>\n\t\t<div class=\"elementor-element elementor-element-016925e e-con-full e-flex e-con e-child\" data-id=\"016925e\" data-element_type=\"container\" data-e-type=\"container\" data-settings=\"{&quot;background_background&quot;:&quot;classic&quot;}\">\n\t\t\t\t<div class=\"elementor-element elementor-element-a5cb3c9 elementor-widget elementor-widget-html\" data-id=\"a5cb3c9\" data-element_type=\"widget\" data-e-type=\"widget\" data-widget_type=\"html.default\">\n\t\t\t\t<div class=\"elementor-widget-container\">\n\t\t\t\t\t<div id=\"zf_div_aR2N3dFkSYuPjho1u61WKBPfWsCCEsbZlAekrB5LlDs\">\n<\/div>\n<script type=\"text\/javascript\">\n(function() {\n\ttry{\n\t\tvar f = document.createElement(\"iframe\");\n\t\t\n\t\t\tvar ifrmSrc = 'https:\/\/forms.studyinturkiye.com\/Daxow\/form\/CourseApplication\/formperma\/aR2N3dFkSYuPjho1u61WKBPfWsCCEsbZlAekrB5LlDs?zf_lang=ar&zf_rszfm=1';\n\t\t\n\t\t\n        try{\n\t\t\tif ( typeof ZFAdvLead != \"undefined\" && typeof zfutm_zfAdvLead != \"undefined\" ) {\n\t\t\t\tfor( var prmIdx = 0 ; prmIdx < ZFAdvLead.utmPNameArr.length ; prmIdx ++ ) {\n\t\t\t\t    var utmPm = ZFAdvLead.utmPNameArr[ prmIdx ];\n\t\t\t\t    utmPm = ( ZFAdvLead.isSameDomian && ( ZFAdvLead.utmcustPNameArr.indexOf(utmPm) == -1 ) ) ? \"zf_\" + utmPm : utmPm;\n\t\t\t\t    var utmVal = zfutm_zfAdvLead.zfautm_gC_enc( ZFAdvLead.utmPNameArr[ prmIdx ] );\n\t\t\t\t    if ( typeof utmVal !== \"undefined\" ) {\n\t\t\t\t      if ( utmVal != \"\" ) {\n\t\t\t\t        if(ifrmSrc.indexOf('?') > 0){\n\t\t\t\t             ifrmSrc = ifrmSrc+'&'+utmPm+'='+utmVal;\n\t\t\t\t        }else{\n\t\t\t\t            ifrmSrc = ifrmSrc+'?'+utmPm+'='+utmVal;\n\t\t\t\t        }\n\t\t\t\t      }\n\t\t\t\t    }\n\t\t\t\t}\n\t\t\t}\n\t\t\tif ( typeof ZFLead !== \"undefined\" && typeof zfutm_zfLead !== \"undefined\" ) {\n\t\t\t\tfor( var prmIdx = 0 ; prmIdx < ZFLead.utmPNameArr.length ; prmIdx ++ ) {\n\t\t        \tvar utmPm = ZFLead.utmPNameArr[ prmIdx ];\n\t\t        \tvar utmVal = zfutm_zfLead.zfutm_gC_enc( ZFLead.utmPNameArr[ prmIdx ] );\n\t\t\t        if ( typeof utmVal !== \"undefined\" ) {\n\t\t\t          if ( utmVal != \"\" ){\n\t\t\t            if(ifrmSrc.indexOf('?') > 0){\n\t\t\t              ifrmSrc = ifrmSrc+'&'+utmPm+'='+utmVal;\/\/No I18N\n\t\t\t            }else{\n\t\t\t              ifrmSrc = ifrmSrc+'?'+utmPm+'='+utmVal;\/\/No I18N\n\t\t\t            }\n\t\t\t          }\n\t\t\t        }\n\t\t      \t}\n\t\t\t}\n\t\t}catch(e){}\n\t\t\n\t\tf.src = ifrmSrc;\n\t\tf.style.border=\"none\";\n\t\tf.style.height=\"817px\";\n\t\tf.style.width=\"90%\";\n\t\tf.style.transition=\"all 0.5s ease\";\n\t\tf.setAttribute(\"aria-label\", 'Contact us');\n\t\t\n\t\tvar d = document.getElementById(\"zf_div_aR2N3dFkSYuPjho1u61WKBPfWsCCEsbZlAekrB5LlDs\");\n\t\td.appendChild(f);\n\t\twindow.addEventListener('message', function (){\n\t\t\tvar evntData = event.data;\n\t\t\tif( evntData && evntData.constructor == String ){\n\t\t\t\tvar zf_ifrm_data = evntData.split(\"|\");\n\t\t\t\tif ( zf_ifrm_data.length == 2 || zf_ifrm_data.length == 3 ) {\n\t\t\t\t\tvar zf_perma = zf_ifrm_data[0];\n\t\t\t\t\tvar zf_ifrm_ht_nw = ( parseInt(zf_ifrm_data[1], 10) + 15 ) + \"px\";\n\t\t\t\t\tvar iframe = document.getElementById(\"zf_div_aR2N3dFkSYuPjho1u61WKBPfWsCCEsbZlAekrB5LlDs\").getElementsByTagName(\"iframe\")[0];\n\t\t\t\t\tif ( (iframe.src).indexOf('formperma') > 0 && (iframe.src).indexOf(zf_perma) > 0 ) {\n\t\t\t\t\t\tvar prevIframeHeight = iframe.style.height;\n\t\t\t\t\t\tvar zf_tout = false;\n\t\t\t\t\t\tif( zf_ifrm_data.length == 3 ) {\n\t\t\t\t\t\t    iframe.scrollIntoView();\n\t\t\t\t\t\t    zf_tout = true;\n\t\t\t\t\t\t}\n\n\t\t\t\t\t\tif ( prevIframeHeight != zf_ifrm_ht_nw ) {\n\t\t\t\t\t\t\tif( zf_tout ) {\n\t\t\t\t\t\t\t    setTimeout(function(){\n\t\t\t\t\t\t\t        iframe.style.height = zf_ifrm_ht_nw;\n\t\t\t\t\t\t\t    },500);\n\t\t\t\t\t\t\t} else {\n\t\t\t\t\t\t\t    iframe.style.height = zf_ifrm_ht_nw;\n\t\t\t\t\t\t\t}\n\t\t\t\t\t\t}\n\t\t\t\t\t}\n\t\t\t\t}\n\t\t\t}\n\t\t}, false);\n    }catch(e){}\n})();\n<\/script>\t\t\t\t\t\t<\/div>\n\t\t\t\t<\/div>\n\t\t\t\t<\/div>\n\t\t\t\t\t<\/div>\n\t\t\t\t<\/div>\n\t\t<div class=\"elementor-element elementor-element-2921fedf e-flex e-con-boxed e-con e-parent\" data-id=\"2921fedf\" data-element_type=\"container\" data-e-type=\"container\">\n\t\t\t\t\t<div class=\"e-con-inner\">\n\t\t\t\t<div class=\"elementor-element elementor-element-6092c56c text--mobileleft elementor-widget-mobile__width-inherit text-center elementor-invisible elementor-widget elementor-widget-tp-advanced-typography\" data-id=\"6092c56c\" data-element_type=\"widget\" data-e-type=\"widget\" data-settings=\"{&quot;_animation&quot;:&quot;slideInUp&quot;}\" data-widget_type=\"tp-advanced-typography.default\">\n\t\t\t\t<div class=\"elementor-widget-container\">\n\t\t\t\t\t<div id=\"at6092c56c\" class=\"pt-plus-adv-typo-wrapper\"><div class=\"plus-list-adv-typo-block \"><span class=\" plus-adv-text-typo elementor-repeater-item-d95d51a    \"   ><span   class=\" listing-typo-text  \"   style=\"\">\u0637\u0631\u0642 \u0627\u062e\u0631\u064a \u0644\u0644\u062a\u0648\u0627\u0635\u0644<\/span><\/span><\/div><\/div>\t\t\t\t<\/div>\n\t\t\t\t<\/div>\n\t\t\t\t<div class=\"elementor-element elementor-element-7a20582c elementor-invisible elementor-widget elementor-widget-tp-adv-text-block\" data-id=\"7a20582c\" data-element_type=\"widget\" data-e-type=\"widget\" data-settings=\"{&quot;_animation&quot;:&quot;slideInUp&quot;}\" data-widget_type=\"tp-adv-text-block.default\">\n\t\t\t\t<div class=\"elementor-widget-container\">\n\t\t\t\t\t<div class=\"pt-plus-text-block-wrapper\" data-tp-gsap-textblock=\"\" ><div class=\"text_block_parallax\"><div class=\"pt_plus_adv_text_block \" ><div class=\"text-content-block\"><p>\u064a\u0645\u0643\u0646\u0643 \u0627\u0644\u0627\u062a\u0635\u0627\u0644 \u0628\u0646\u0627 \u0639\u0628\u0631 \u0627\u0644\u0647\u0627\u062a\u0641 \u0623\u0648 \u0625\u0631\u0633\u0627\u0644 \u0628\u0631\u064a\u062f \u0625\u0644\u0643\u062a\u0631\u0648\u0646\u064a \u0625\u0644\u064a\u0646\u0627 \u0623\u0648 \u0632\u064a\u0627\u0631\u0629 \u0645\u0643\u062a\u0628\u0646\u0627.<\/p><\/div><\/div><\/div><\/div>\t\t\t\t<\/div>\n\t\t\t\t<\/div>\n\t\t<div class=\"elementor-element elementor-element-1ecb999 e-flex e-con-boxed e-con e-child\" data-id=\"1ecb999\" data-element_type=\"container\" data-e-type=\"container\">\n\t\t\t\t\t<div class=\"e-con-inner\">\n\t\t<div class=\"elementor-element elementor-element-6aef4e27 e-con-full e-flex e-con e-child\" data-id=\"6aef4e27\" data-element_type=\"container\" data-e-type=\"container\">\n\t\t\t\t<div class=\"elementor-element elementor-element-5f37115d elementor-widget__width-initial elementor-invisible elementor-widget elementor-widget-tp-info-box\" data-id=\"5f37115d\" data-element_type=\"widget\" data-e-type=\"widget\" data-settings=\"{&quot;_animation&quot;:&quot;zoomIn&quot;}\" data-widget_type=\"tp-info-box.default\">\n\t\t\t\t<div class=\"elementor-widget-container\">\n\t\t\t\t\t<div id=\"info_box69e81e53ce271\" class=\"pt_plus_info_box hover_normal    info_box69e81e53ce271 info-box-style_3      \"  data-id=\"info_box69e81e53ce271\"    dir= data-connection=\"\" data-eventtype=\"\" ><div class=\"post-inner-loop \"><div class=\"info-box-inner content_hover_effect  tp-info-nc\"   ><div class=\"info-box-bg-box     \" ><div class=\"info-box-content\"><div class=\"service-center  \"><div class=\"info-icon-content\"><div class=\"service-icon-wrap\"><i class=\" fa fa-phone service-icon  \"><\/i><\/div><\/div><div class=\"service-title \"> Call for help <\/div><div class=\"service-desc\"> <p>+905453081000<\/p><p>+902129161616<\/p> <\/div><\/div><\/div><div class=\"infobox-overlay-color \"><\/div><\/div><\/div><\/div><\/div>\t\t\t\t<\/div>\n\t\t\t\t<\/div>\n\t\t\t\t<\/div>\n\t\t<div class=\"elementor-element elementor-element-567f2e00 e-con-full e-flex e-con e-child\" data-id=\"567f2e00\" data-element_type=\"container\" data-e-type=\"container\">\n\t\t\t\t<div class=\"elementor-element elementor-element-452d21b8 elementor-widget__width-initial elementor-invisible elementor-widget elementor-widget-tp-info-box\" data-id=\"452d21b8\" data-element_type=\"widget\" data-e-type=\"widget\" data-settings=\"{&quot;_animation&quot;:&quot;zoomIn&quot;}\" data-widget_type=\"tp-info-box.default\">\n\t\t\t\t<div class=\"elementor-widget-container\">\n\t\t\t\t\t<div id=\"info_box69e81e53cf719\" class=\"pt_plus_info_box hover_normal    info_box69e81e53cf719 info-box-style_3      \"  data-id=\"info_box69e81e53cf719\"    dir= data-connection=\"\" data-eventtype=\"\" ><div class=\"post-inner-loop \"><div class=\"info-box-inner content_hover_effect  tp-info-nc\"   ><div class=\"info-box-bg-box     \" ><div class=\"info-box-content\"><div class=\"service-center  \"><div class=\"info-icon-content\"><div class=\"service-icon-wrap\"><i class=\" fa fa-bullhorn service-icon  \"><\/i><\/div><\/div><div class=\"service-title \"> Mall of Istanbul <\/div><div class=\"service-desc\"> <p>Ziya G\u00f6kalp Mah. S\u00fcleyman Demirel Bulvar\u0131 Mall Of \u0130stanbul Floor:14 Office:116, 34490 Ba\u015fak\u015fehir\/\u0130stanbul<\/p> <\/div><\/div><\/div><div class=\"infobox-overlay-color \"><\/div><\/div><\/div><\/div><\/div>\t\t\t\t<\/div>\n\t\t\t\t<\/div>\n\t\t\t\t<\/div>\n\t\t<div class=\"elementor-element elementor-element-1d630381 e-con-full e-flex e-con e-child\" data-id=\"1d630381\" data-element_type=\"container\" data-e-type=\"container\">\n\t\t\t\t<div class=\"elementor-element elementor-element-56c7d3ed elementor-widget__width-initial elementor-invisible elementor-widget elementor-widget-tp-info-box\" data-id=\"56c7d3ed\" data-element_type=\"widget\" data-e-type=\"widget\" data-settings=\"{&quot;_animation&quot;:&quot;zoomIn&quot;}\" data-widget_type=\"tp-info-box.default\">\n\t\t\t\t<div class=\"elementor-widget-container\">\n\t\t\t\t\t<div id=\"info_box69e81e53d0a86\" class=\"pt_plus_info_box hover_normal    info_box69e81e53d0a86 info-box-style_3      \"  data-id=\"info_box69e81e53d0a86\"    dir= data-connection=\"\" data-eventtype=\"\" ><div class=\"post-inner-loop \"><div class=\"info-box-inner content_hover_effect  tp-info-nc\"   ><div class=\"info-box-bg-box     \" ><div class=\"info-box-content\"><div class=\"service-center  \"><div class=\"info-icon-content\"><div class=\"service-icon-wrap\"><i class=\" fa fa-mail-forward service-icon  \"><\/i><\/div><\/div><a href=\"mailto:cleangeniux@gmail.com\" ><div class=\"service-title \"> Mail to us <\/div><\/a><div class=\"service-desc\"> <p>Support@studyinturkiye.com<\/p> <\/div><\/div><\/div><div class=\"infobox-overlay-color \"><\/div><\/div><\/div><\/div><\/div>\t\t\t\t<\/div>\n\t\t\t\t<\/div>\n\t\t\t\t<\/div>\n\t\t\t\t\t<\/div>\n\t\t\t\t<\/div>\n\t\t\t\t\t<\/div>\n\t\t\t\t<\/div>\n\t\t<div class=\"elementor-element elementor-element-11d497e6 e-flex e-con-boxed e-con e-parent\" data-id=\"11d497e6\" data-element_type=\"container\" data-e-type=\"container\" data-settings=\"{&quot;background_background&quot;:&quot;classic&quot;}\">\n\t\t\t\t\t<div class=\"e-con-inner\">\n\t\t<div class=\"elementor-element elementor-element-5a44f540 e-con-full e-flex e-con e-child\" data-id=\"5a44f540\" data-element_type=\"container\" data-e-type=\"container\">\n\t\t<div class=\"elementor-element elementor-element-35cff75e e-con-full e-flex e-con e-child\" data-id=\"35cff75e\" data-element_type=\"container\" data-e-type=\"container\">\n\t\t<div class=\"elementor-element elementor-element-1d35386 e-con-full e-flex e-con e-child\" data-id=\"1d35386\" data-element_type=\"container\" data-e-type=\"container\">\n\t\t\t\t<div class=\"elementor-element elementor-element-4d3aab73 text-right elementor-widget elementor-widget-tp-heading-title\" data-id=\"4d3aab73\" data-element_type=\"widget\" data-e-type=\"widget\" data-widget_type=\"tp-heading-title.default\">\n\t\t\t\t<div class=\"elementor-widget-container\">\n\t\t\t\t\t<div class=\"heading heading_style heading_style69e8b68128ce9 style-1 \" ><div class=\"sub-style \"  ><div class=\"head-title \" > <h1  class=\"heading-title   \"   data-hover=\"\u0642\u0627\u0628\u0644 \u0645\u0633\u062a\u0631 \u0633\u062a\">\u0642\u0627\u0628\u0644 \u0645\u0633\u062a\u0631 \u0633\u062a<span class=\"title-s \">  <\/span><\/h1><\/div><div class=\"sub-heading\"><h3 class=\"heading-sub-title  \"> \u0645\u0633\u0627\u0639\u062f\u0643 \u0627\u0644\u0634\u062e\u0635\u064a \u0644\u0644\u062f\u0631\u0627\u0633\u0629 \u0641\u064a \u062a\u0631\u0643\u064a\u0627 <\/h3><\/div><\/div><\/div>\t\t\t\t<\/div>\n\t\t\t\t<\/div>\n\t\t\t\t<div class=\"elementor-element elementor-element-72efda47 elementor-widget elementor-widget-text-editor\" data-id=\"72efda47\" data-element_type=\"widget\" data-e-type=\"widget\" data-widget_type=\"text-editor.default\">\n\t\t\t\t<div class=\"elementor-widget-container\">\n\t\t\t\t\t\t\t\t\t<div class=\"flex max-w-full flex-col flex-grow\">\n<div class=\"min-h-8 text-message flex w-full flex-col items-end gap-2 whitespace-normal break-words [.text-message+&amp;]:mt-5\" dir=\"auto\" data-message-author-role=\"assistant\" data-message-id=\"b2cf56f9-b986-4604-b60d-cca30dc0e23e\" data-message-model-slug=\"gpt-4o\">\n<div class=\"flex w-full flex-col gap-1 empty:hidden first:pt-[3px]\">\n<div class=\"markdown prose w-full break-words dark:prose-invert light\">\n<div class=\"flex max-w-full flex-col flex-grow\">\n<div class=\"min-h-8 text-message flex w-full flex-col items-end gap-2 whitespace-normal break-words [.text-message+&amp;]:mt-5\" dir=\"auto\" data-message-author-role=\"assistant\" data-message-id=\"b2cf56f9-b986-4604-b60d-cca30dc0e23e\" data-message-model-slug=\"gpt-4o\">\n<div class=\"flex w-full flex-col gap-1 empty:hidden first:pt-[3px]\">\n<div class=\"markdown prose w-full break-words dark:prose-invert light\">\n<p>\u0645\u0631\u062d\u0628\u0627\u064b! \u0623\u0646\u0627 \u0627\u0644\u0633\u064a\u062f SIT\u060c \u062f\u0644\u064a\u0644\u0643 \u0627\u0644\u0645\u0635\u0645\u0645 \u0644\u0628\u062f\u0621 \u0631\u062d\u0644\u062a\u0643 \u0627\u0644\u062a\u0639\u0644\u064a\u0645\u064a\u0629 \u0641\u064a \u062a\u0631\u0643\u064a\u0627! \u0633\u0648\u0627\u0621 \u0643\u0646\u062a \u062a\u0634\u0639\u0631 \u0628\u0627\u0644\u0641\u0636\u0648\u0644 \u0628\u0634\u0623\u0646 \u0627\u0644\u062c\u0627\u0645\u0639\u0627\u062a \u0623\u0648 \u0627\u0644\u0631\u0633\u0648\u0645 \u0627\u0644\u062f\u0631\u0627\u0633\u064a\u0629 \u0623\u0648 \u0623\u064a \u0634\u064a\u0621 \u0622\u062e\u0631 \u064a\u062a\u0639\u0644\u0642 \u0628\u0627\u0644\u062f\u0631\u0627\u0633\u0629 \u0641\u064a \u062a\u0631\u0643\u064a\u0627\u060c \u0641\u0623\u0646\u0627 \u0647\u0646\u0627 \u0644\u062a\u0642\u062f\u064a\u0645 \u062c\u0645\u064a\u0639 \u0627\u0644\u0625\u062c\u0627\u0628\u0627\u062a \u0627\u0644\u062a\u064a \u062a\u062d\u062a\u0627\u062c\u0647\u0627. \u062f\u0639\u0646\u0627 \u0646\u0633\u062a\u0643\u0634\u0641 \u0641\u0631\u0635\u0643 \u0645\u0639\u0627\u064b!   <\/p>\n<\/div>\n<\/div>\n<\/div>\n<\/div>\n<\/div>\n<\/div>\n<\/div>\n<\/div>\n\t\t\t\t\t\t\t\t<\/div>\n\t\t\t\t<\/div>\n\t\t\t\t<div class=\"elementor-element elementor-element-3e980fd5 elementor-align-center elementor-widget elementor-widget-button\" data-id=\"3e980fd5\" data-element_type=\"widget\" data-e-type=\"widget\" data-widget_type=\"button.default\">\n\t\t\t\t<div class=\"elementor-widget-container\">\n\t\t\t\t\t\t\t\t\t<div class=\"elementor-button-wrapper\">\n\t\t\t\t\t<a class=\"elementor-button elementor-button-link elementor-size-sm\" href=\"https:\/\/studyinturkiye.com\/ar\/chat-with-mrsit\/\">\n\t\t\t\t\t\t<span class=\"elementor-button-content-wrapper\">\n\t\t\t\t\t\t<span class=\"elementor-button-icon\">\n\t\t\t\t<i aria-hidden=\"true\" class=\"fab fa-rocketchat\"><\/i>\t\t\t<\/span>\n\t\t\t\t\t\t\t\t\t<span class=\"elementor-button-text\">\u062a\u062d\u062f\u062b \u0625\u0644\u0649 \u0627\u0644\u0633\u064a\u062f SIT<\/span>\n\t\t\t\t\t<\/span>\n\t\t\t\t\t<\/a>\n\t\t\t\t<\/div>\n\t\t\t\t\t\t\t\t<\/div>\n\t\t\t\t<\/div>\n\t\t\t\t<\/div>\n\t\t<div class=\"elementor-element elementor-element-8fd8103 e-con-full e-flex e-con e-child\" data-id=\"8fd8103\" data-element_type=\"container\" data-e-type=\"container\">\n\t\t\t\t<div class=\"elementor-element elementor-element-15c27d16 text-center elementor-widget elementor-widget-tp-draw-svg\" data-id=\"15c27d16\" data-element_type=\"widget\" data-e-type=\"widget\" data-widget_type=\"tp-draw-svg.default\">\n\t\t\t\t<div class=\"elementor-widget-container\">\n\t\t\t\t\t<div class=\"pt_plus_animated_svg-an\"><div class=\"pt_plus_animated_svg  center svg69e81e53d735b \"  data-id=\"svg69e81e53d735b\" data-type=\"delayed\" data-duration=\"82\" data-stroke=\"#FFFFFF\" data-fill_color=\"none\" data-svg_fill_enable=\"no\" data-svg_loop_enable=\"no\"><div class=\"svg_inner_block\"><object id=\"svg69e81e53d735b\" type=\"image\/svg+xml\" data=\"https:\/\/studyinturkiye.com\/wp-content\/uploads\/2024\/10\/arrow_32.svg\" ><\/object><\/div><\/div><\/div>\t\t\t\t<\/div>\n\t\t\t\t<\/div>\n\t\t\t\t<\/div>\n\t\t<div class=\"elementor-element elementor-element-53f50a61 e-con-full e-flex e-con e-child\" data-id=\"53f50a61\" data-element_type=\"container\" data-e-type=\"container\">\n\t\t\t\t<div class=\"elementor-element elementor-element-37ff1971 elementor-widget elementor-widget-tp-image-factory\" data-id=\"37ff1971\" data-element_type=\"widget\" data-e-type=\"widget\" data-widget_type=\"tp-image-factory.default\">\n\t\t\t\t<div class=\"elementor-widget-container\">\n\t\t\t\t\t<div id=\"plus69e81e53d82fc\" class=\"pt-plus-animated-image-wrapper      \" ><div class=\"animated-image-parallax   \" ><div class=\"pt_plus_animated_image bg-image69e81e53d82f9 text-center  \"  > <figure class=\"     \"  ><div class=\"vc_single_image-wrapper   \"><img fetchpriority=\"high\" decoding=\"async\" width=\"180\" height=\"320\" src=\"https:\/\/studyinturkiye.com\/wp-content\/uploads\/2024\/11\/MrSIT_doctorS.png\" class=\"attachment-full size-full wp-image-165974\" alt=\"\" srcset=\"https:\/\/studyinturkiye.com\/wp-content\/uploads\/2024\/11\/MrSIT_doctorS.png 180w, https:\/\/studyinturkiye.com\/wp-content\/uploads\/2024\/11\/MrSIT_doctorS-169x300.png 169w\" sizes=\"(max-width: 180px) 100vw, 180px\" \/><\/div> <\/figure> <\/div><\/div><\/div>\t\t\t\t<\/div>\n\t\t\t\t<\/div>\n\t\t\t\t<\/div>\n\t\t\t\t<\/div>\n\t\t\t\t<\/div>\n\t\t\t\t\t<\/div>\n\t\t\t\t<\/div>\n\t\t\t\t<\/div>\n\t\t","protected":false},"excerpt":{"rendered":"<p>\u062a\u0648\u0627\u0635\u0644 \u0645\u0639 \u0641\u0631\u064a\u0642\u0646\u0627 \u064a\u0633\u0639\u062f\u0646\u0627 \u062f\u0627\u0626\u0645\u0627\u064b \u0633\u0645\u0627\u0639 \u0622\u0631\u0627\u0626\u0643\u0645 \u0648\u0645\u0642\u062a\u0631\u062d\u0627\u062a\u0643\u0645 \u0648\u064a\u0633\u0639\u062f\u0646\u0627 \u0627\u0633\u062a\u0642\u0628\u0627\u0644 \u0627\u062a\u0635\u0627\u0644\u0627\u062a\u0643\u0645 \u0648\u0627\u0644\u062a\u062d\u062f\u062b \u0625\u0644\u064a\u0643\u0645\u060c \u064a\u0645\u0643\u0646\u0643\u0645 \u0627\u0644\u062a\u0648\u0627\u0635\u0644 \u0645\u0639 \u0641\u0631\u064a\u0642\u0646\u0627 \u0639\u0628\u0631 \u0627\u0644\u062f\u0631\u062f\u0634\u0629 \u0627\u0644\u0645\u0628\u0627\u0634\u0631\u0629 \u0623\u0648 \u064a\u0645\u0643\u0646\u0643\u0645 \u0627\u0644\u0627\u062a\u0635\u0627\u0644 \u0628\u0646\u0627 \u0647\u0627\u062a\u0641\u064a\u0627\u064b \u0623\u0648 \u0645\u0644\u0621 \u0627\u0644\u0646\u0645\u0648\u0630\u062c \u0623\u062f\u0646\u0627\u0647 \u0648\u0633\u0646\u0642\u0648\u0645 \u0628\u0627\u0644\u0631\u062f \u0639\u0644\u064a\u0643\u0645 \u0641\u064a \u0623\u0642\u0631\u0628 \u0648\u0642\u062a \u0645\u0645\u0643\u0646\u060c \u0643\u0645\u0627 \u064a\u0645\u0643\u0646\u0643\u0645 \u0632\u064a\u0627\u0631\u0629 \u0645\u0643\u062a\u0628\u0646\u0627 \u0639\u0644\u0649 \u0645\u062f\u0627\u0631 \u0627\u0644\u0623\u0633\u0628\u0648\u0639 \u0645\u0646 \u0627\u0644\u0627\u062b\u0646\u064a\u0646 \u0625\u0644\u0649 \u0627\u0644\u062c\u0645\u0639\u0629 \u0631\u0627\u0633\u0644\u0646\u0627 \u064a\u0645\u0643\u0646\u0643 \u0645\u0644\u0621 \u0627\u0644\u0646\u0645\u0648\u0630\u062c \u0627\u0644\u062a\u0627\u0644\u064a \u0644\u0644\u0627\u0633\u062a\u0641\u0633\u0627\u0631\u0627\u062a \u0623\u0648 \u0627\u0644\u0627\u0642\u062a\u0631\u0627\u062d\u0627\u062a [&hellip;]<\/p>\n","protected":false},"author":15,"featured_media":0,"parent":0,"menu_order":0,"comment_status":"closed","ping_status":"closed","template":"","meta":{"_acf_changed":false,"footnotes":""},"page-type":[],"class_list":["post-169357","page","type-page","status-publish","hentry"],"acf":[],"_links":{"self":[{"href":"https:\/\/studyinturkiye.com\/ar\/wp-json\/wp\/v2\/pages\/169357","targetHints":{"allow":["GET"]}}],"collection":[{"href":"https:\/\/studyinturkiye.com\/ar\/wp-json\/wp\/v2\/pages"}],"about":[{"href":"https:\/\/studyinturkiye.com\/ar\/wp-json\/wp\/v2\/types\/page"}],"author":[{"embeddable":true,"href":"https:\/\/studyinturkiye.com\/ar\/wp-json\/wp\/v2\/users\/15"}],"replies":[{"embeddable":true,"href":"https:\/\/studyinturkiye.com\/ar\/wp-json\/wp\/v2\/comments?post=169357"}],"version-history":[{"count":0,"href":"https:\/\/studyinturkiye.com\/ar\/wp-json\/wp\/v2\/pages\/169357\/revisions"}],"wp:attachment":[{"href":"https:\/\/studyinturkiye.com\/ar\/wp-json\/wp\/v2\/media?parent=169357"}],"wp:term":[{"taxonomy":"page-type","embeddable":true,"href":"https:\/\/studyinturkiye.com\/ar\/wp-json\/wp\/v2\/page-type?post=169357"}],"curies":[{"name":"wp","href":"https:\/\/api.w.org\/{rel}","templated":true}]}}